{"id":8384,"date":"2023-07-27T08:09:49","date_gmt":"2023-07-27T08:09:49","guid":{"rendered":"https:\/\/www.fire-destroyer.com\/o-podjetju-copy\/"},"modified":"2025-02-28T13:54:21","modified_gmt":"2025-02-28T13:54:21","slug":"politica-sulla-riservatezza","status":"publish","type":"page","link":"https:\/\/www.firedestroyer.fr\/en\/reserve-policy\/","title":{"rendered":"POLITICA SULLA RISERVATEZZA"},"content":{"rendered":"<div data-elementor-type=\"wp-page\" data-elementor-id=\"8384\" class=\"elementor elementor-8384\">\n\t\t\t\t\t\t\t\t\t<section class=\"elementor-section elementor-top-section elementor-element elementor-element-e80c85c ct-section-stretched elementor-section-height-min-height elementor-section-items-top elementor-section-boxed elementor-section-height-default\" data-id=\"e80c85c\" data-element_type=\"section\" data-settings=\"{&quot;jet_parallax_layout_list&quot;:[]}\">\n\t\t\t\t\t\t<div class=\"elementor-container elementor-column-gap-no\">\n\t\t\t\t\t<div class=\"elementor-column elementor-col-100 elementor-top-column elementor-element elementor-element-b68df7d\" data-id=\"b68df7d\" data-element_type=\"column\">\n\t\t\t<div class=\"elementor-widget-wrap elementor-element-populated\">\n\t\t\t\t\t\t\t\t<div class=\"elementor-element elementor-element-ac714ba elementor-widget elementor-widget-heading\" data-id=\"ac714ba\" data-element_type=\"widget\" data-settings=\"{&quot;_animation&quot;:&quot;none&quot;}\" data-widget_type=\"heading.default\">\n\t\t\t\t<div class=\"elementor-widget-container\">\n\t\t\t<h2 class=\"elementor-heading-title elementor-size-default\">POLITICA SULLA RISERVATEZZA<\/h2>\t\t<\/div>\n\t\t\t\t<\/div>\n\t\t\t\t<div class=\"elementor-element elementor-element-b05a3b5 elementor-widget-divider--view-line elementor-widget elementor-widget-divider\" data-id=\"b05a3b5\" data-element_type=\"widget\" data-widget_type=\"divider.default\">\n\t\t\t\t<div class=\"elementor-widget-container\">\n\t\t\t\t\t<div class=\"elementor-divider\">\n\t\t\t<span class=\"elementor-divider-separator\">\n\t\t\t\t\t\t<\/span>\n\t\t<\/div>\n\t\t\t\t<\/div>\n\t\t\t\t<\/div>\n\t\t\t\t<div class=\"elementor-element elementor-element-a233518 elementor-widget elementor-widget-heading\" data-id=\"a233518\" data-element_type=\"widget\" data-widget_type=\"heading.default\">\n\t\t\t\t<div class=\"elementor-widget-container\">\n\t\t\t<h2 class=\"elementor-heading-title elementor-size-default\">IZJAVA O SKLADNOSTI UPRAVLJANJA Z OSEBNIMI PODATKI<\/h2>\t\t<\/div>\n\t\t\t\t<\/div>\n\t\t\t\t<div class=\"elementor-element elementor-element-ed69a7e elementor-widget elementor-widget-text-editor\" data-id=\"ed69a7e\" data-element_type=\"widget\" data-widget_type=\"text-editor.default\">\n\t\t\t\t<div class=\"elementor-widget-container\">\n\t\t\t\t\t\t\t<p>Podjetje GERMA TRADE doo, Spodnja Hajdina 21, 2288 Hajdina (v nadaljevanju: GERMA TRADE) podaja svojim strankam naslednjo izjavo:<\/p>\t\t\t\t\t\t<\/div>\n\t\t\t\t<\/div>\n\t\t\t\t<div class=\"elementor-element elementor-element-f0e2b70 elementor-widget elementor-widget-text-editor\" data-id=\"f0e2b70\" data-element_type=\"widget\" data-widget_type=\"text-editor.default\">\n\t\t\t\t<div class=\"elementor-widget-container\">\n\t\t\t\t\t\t\t<ol><li>This includes information from URO\u0160 FLEISINGER, in the quality of its personal data, and from its online trading customers FIRE DESTROYER. Se, per a specific account of the management of my personal data, another diverse entity of the URO\u0160 FLEISINGER company is defined as responsible for my personal data, the identity of this entity will be disclosed in relation to the specific scope of the management of my personal data.<\/li><li>This document contains personal data management and compliance with the relevant standard under the management of personal data and is subject to the provisions of Regulation (EU) 2016\/679 of the European Parliament and Consiglio for the protection of the person concerned during the processing of this document. personal data and the release of data circulation and the repeal of the directive 95\/46\/CE (general regulation on data protection, GDPR) and the national legislation in the matter of the protection of personal data and the regional legislation relating to the operations of URO\u0160 FLEISINGER<\/li><li>I have to comply with the provisions of the regulations mentioned in point 2 of the information presented in the management of my personal data or in my personal activity, and I intend to maintain my current partner - contract - and future - potential.<\/li><li>Dichiariamo che URO\u0160 FLEISINGER \u2013 firstly to initiate the management of my personal data \u2013 far\u00e0 all the amount in which you can guarantee that your person has a fact if you know your personal data and it will provide you with the information, and then you will be able to guarantee that the information you have is precise and precise on the management of your data personal and all my instructions are in relation to the management of your data relating to this and its legal possibilities at its disposal.<\/li><li>For the company URO\u0160 FLEISINGER, the protection of personal data is a fundamental priority in the management of personal data, guaranteeing that the person concerned is responsible for the protection of personal data by self-determination by the time it is used. In order to comply with this obligation, it is guaranteed that it conforms to the stipulated number of rules mentioned at point 2 of the present information, which protects your personal data accordingly. The online trading at fire-destroyer.com uses SSL technology to transfer all personal data from the user, which ensures that all information is invited by computer. The information provided by the user is the title of the treatment it is responsible for. The URO\u0160 FLEISINGER company does not operate any unauthorized third parties. However, my personal data may not be linked to a trust partner or is based on a legal obligation, in accordance with the law on the protection of the applicable personal data.<\/li><li>Acquisti nel negozio online e informazioni su destination della spedizione<br \/>He is not responsible for the accuracy of the data inserted in the user. The company URO\u0160 FLEISINGER will use the data inserted to cancel the order to prepare the order, prepare the offer even more relevant and to analyze the marketing that will help to improve the sales process. I can also be used for remarketing. URO\u0160 FLEISINGER has dated you to the end of the cancellation or cancellation in accordance with the Slovenian legislation. The request can be canceled at any time by sending an e-mail to info@firedestroyer.it. The e-mail must contain the following information: the title of the message must be \u201cCancella dati personali\u201d; the contents of the order must include the name and knowledge of the user, indication and email address of the user if registered; The message must be sent by indirizzo email indicated when it is sent at the moment of the order of the goods.<\/li><li>Consenso<br \/>Using this firedestroyer.it site, you accept the general conditions for public use of this site. Here you can periodically monitor any changes in general conditions, conditions, conditions and purposes of the personal data reported.<br \/>Using our website, the user confirms the user&#039;s license, includes and accepts all terms and conditions of use of fire-destroyer.com.<\/li><\/ol>\t\t\t\t\t\t<\/div>\n\t\t\t\t<\/div>\n\t\t\t\t<div class=\"elementor-element elementor-element-96841b8 elementor-widget elementor-widget-text-editor\" data-id=\"96841b8\" data-element_type=\"widget\" data-widget_type=\"text-editor.default\">\n\t\t\t\t<div class=\"elementor-widget-container\">\n\t\t\t\t\t\t\t<p>He is the owner of the personal data contract: URO\u0160 FLEISINGER, Zurich, Swiss.<\/p><p>If you wish to request your privacy and personal data processing, you may contact info@firedestroyer.ch<\/p>\t\t\t\t\t\t<\/div>\n\t\t\t\t<\/div>\n\t\t\t\t\t<\/div>\n\t\t<\/div>\n\t\t\t\t\t\t\t<\/div>\n\t\t<\/section>\n\t\t\t\t\t\t\t<\/div>","protected":false},"excerpt":{"rendered":"<p>IZJAVA O SKLADNOSTI UPRAVLJANJA Z OSEBNIMI PODATKI Podjetje GERMA TRADE d.o.o., Spodnja Hajdina 21, 2288 Hajdina (v nadaljevanju: GERMA TRADE) podaja svojim strankam naslednjo izjavo: Ci impegniamo e dichiariamo che URO\u0160 FLEISINGER, in qualit\u00e0 di gestore dei dati personali, gestisce i dati personali dei clienti che sono clienti del negozio online FIRE DESTROYER. Se, per uno scopo specifico della gestione dei dati personali, un&rsquo;altra entit\u00e0 diversa dalla societ\u00e0 URO\u0160 FLEISINGER viene definita come responsabile dei dati personali, l&rsquo;identit\u00e0 di questa entit\u00e0 sar\u00e0 divulgata in relazione allo scopo specifico della gestione dei dati personali. Ci impegniamo e dichiariamo inoltre che tale\u2026<\/p>","protected":false},"author":1,"featured_media":0,"parent":0,"menu_order":0,"comment_status":"closed","ping_status":"closed","template":"elementor_header_footer","meta":{"_seopress_robots_primary_cat":"","footnotes":""},"class_list":["post-8384","page","type-page","status-publish","hentry"],"blocksy_meta":"","_links":{"self":[{"href":"https:\/\/www.firedestroyer.fr\/en\/wp-json\/wp\/v2\/pages\/8384","targetHints":{"allow":["GET"]}}],"collection":[{"href":"https:\/\/www.firedestroyer.fr\/en\/wp-json\/wp\/v2\/pages"}],"about":[{"href":"https:\/\/www.firedestroyer.fr\/en\/wp-json\/wp\/v2\/types\/page"}],"author":[{"embeddable":true,"href":"https:\/\/www.firedestroyer.fr\/en\/wp-json\/wp\/v2\/users\/1"}],"replies":[{"embeddable":true,"href":"https:\/\/www.firedestroyer.fr\/en\/wp-json\/wp\/v2\/comments?post=8384"}],"version-history":[{"count":0,"href":"https:\/\/www.firedestroyer.fr\/en\/wp-json\/wp\/v2\/pages\/8384\/revisions"}],"wp:attachment":[{"href":"https:\/\/www.firedestroyer.fr\/en\/wp-json\/wp\/v2\/media?parent=8384"}],"curies":[{"name":"wp","href":"https:\/\/api.w.org\/{rel}","templated":true}]}}