{"id":8553,"date":"2023-09-12T07:15:19","date_gmt":"2023-09-12T07:15:19","guid":{"rendered":"https:\/\/www.fire-destroyer.com\/politika-zasebnosti-copy\/"},"modified":"2025-02-28T13:49:40","modified_gmt":"2025-02-28T13:49:40","slug":"condizioni-generali","status":"publish","type":"page","link":"https:\/\/www.firedestroyer.fr\/en\/general-terms-and-conditions\/","title":{"rendered":"GENERAL CONDITIONS"},"content":{"rendered":"<div data-elementor-type=\"wp-page\" data-elementor-id=\"8553\" class=\"elementor elementor-8553\">\n\t\t\t\t\t\t\t\t\t<section class=\"elementor-section elementor-top-section elementor-element elementor-element-e80c85c ct-section-stretched elementor-section-height-min-height elementor-section-items-top elementor-section-boxed elementor-section-height-default\" data-id=\"e80c85c\" data-element_type=\"section\" data-settings=\"{&quot;jet_parallax_layout_list&quot;:[],&quot;background_background&quot;:&quot;classic&quot;}\">\n\t\t\t\t\t\t<div class=\"elementor-container elementor-column-gap-no\">\n\t\t\t\t\t<div class=\"elementor-column elementor-col-100 elementor-top-column elementor-element elementor-element-b68df7d\" data-id=\"b68df7d\" data-element_type=\"column\">\n\t\t\t<div class=\"elementor-widget-wrap elementor-element-populated\">\n\t\t\t\t\t\t\t\t<div class=\"elementor-element elementor-element-5f208df elementor-widget elementor-widget-heading\" data-id=\"5f208df\" data-element_type=\"widget\" data-settings=\"{&quot;_animation&quot;:&quot;none&quot;}\" data-widget_type=\"heading.default\">\n\t\t\t\t<div class=\"elementor-widget-container\">\n\t\t\t<h2 class=\"elementor-heading-title elementor-size-default\">GENERAL CONDITIONS<\/h2>\t\t<\/div>\n\t\t\t\t<\/div>\n\t\t\t\t<div class=\"elementor-element elementor-element-b05a3b5 elementor-widget-divider--view-line elementor-widget elementor-widget-divider\" data-id=\"b05a3b5\" data-element_type=\"widget\" data-widget_type=\"divider.default\">\n\t\t\t\t<div class=\"elementor-widget-container\">\n\t\t\t\t\t<div class=\"elementor-divider\">\n\t\t\t<span class=\"elementor-divider-separator\">\n\t\t\t\t\t\t<\/span>\n\t\t<\/div>\n\t\t\t\t<\/div>\n\t\t\t\t<\/div>\n\t\t\t\t<div class=\"elementor-element elementor-element-d88890e elementor-widget elementor-widget-text-editor\" data-id=\"d88890e\" data-element_type=\"widget\" data-widget_type=\"text-editor.default\">\n\t\t\t\t<div class=\"elementor-widget-container\">\n\t\t\t\t\t\t\t<p>1. GENERAL CONDITIONS<\/p>\t\t\t\t\t\t<\/div>\n\t\t\t\t<\/div>\n\t\t\t\t<div class=\"elementor-element elementor-element-ed69a7e elementor-widget elementor-widget-text-editor\" data-id=\"ed69a7e\" data-element_type=\"widget\" data-widget_type=\"text-editor.default\">\n\t\t\t\t<div class=\"elementor-widget-container\">\n\t\t\t\t\t\t\t<p>The order is valid for URO\u0160 FLEISINGER and its customer.<\/p>\t\t\t\t\t\t<\/div>\n\t\t\t\t<\/div>\n\t\t\t\t<div class=\"elementor-element elementor-element-7ab53d0 elementor-widget elementor-widget-text-editor\" data-id=\"7ab53d0\" data-element_type=\"widget\" data-widget_type=\"text-editor.default\">\n\t\t\t\t<div class=\"elementor-widget-container\">\n\t\t\t\t\t\t\t<p>2. ORDINAZIONE<\/p>\t\t\t\t\t\t<\/div>\n\t\t\t\t<\/div>\n\t\t\t\t<div class=\"elementor-element elementor-element-1cbd6a2 elementor-widget elementor-widget-text-editor\" data-id=\"1cbd6a2\" data-element_type=\"widget\" data-widget_type=\"text-editor.default\">\n\t\t\t\t<div class=\"elementor-widget-container\">\n\t\t\t\t\t\t\t<p>Gli ordini sono accettati presso URO\u0160 FLEISINGER per posta ed e-mail: office@firedestroyer.ch. The modulus usually written for the user must contain: social situation, information about information, person of reference, tax code, tax code, telephone number. The order of acquisition has the status of a contract for the buyer and seller.<\/p>\t\t\t\t\t\t<\/div>\n\t\t\t\t<\/div>\n\t\t\t\t<div class=\"elementor-element elementor-element-dc84282 elementor-widget elementor-widget-text-editor\" data-id=\"dc84282\" data-element_type=\"widget\" data-widget_type=\"text-editor.default\">\n\t\t\t\t<div class=\"elementor-widget-container\">\n\t\t\t\t\t\t\t<p>3. CONFERMA DELL&#039;ORDINE<\/p>\t\t\t\t\t\t<\/div>\n\t\t\t\t<\/div>\n\t\t\t\t<div class=\"elementor-element elementor-element-b603145 elementor-widget elementor-widget-text-editor\" data-id=\"b603145\" data-element_type=\"widget\" data-widget_type=\"text-editor.default\">\n\t\t\t\t<div class=\"elementor-widget-container\">\n\t\t\t\t\t\t\t<p>The order will be stored in cartaceo format and electronically pressed by URO\u0160 FLEISINGER<\/p>\t\t\t\t\t\t<\/div>\n\t\t\t\t<\/div>\n\t\t\t\t<div class=\"elementor-element elementor-element-808c8d4 elementor-widget elementor-widget-text-editor\" data-id=\"808c8d4\" data-element_type=\"widget\" data-widget_type=\"text-editor.default\">\n\t\t\t\t<div class=\"elementor-widget-container\">\n\t\t\t\t\t\t\t<p>4. PREZZI<\/p>\t\t\t\t\t\t<\/div>\n\t\t\t\t<\/div>\n\t\t\t\t<div class=\"elementor-element elementor-element-9c21c8a elementor-widget elementor-widget-text-editor\" data-id=\"9c21c8a\" data-element_type=\"widget\" data-widget_type=\"text-editor.default\">\n\t\t\t\t<div class=\"elementor-widget-container\">\n\t\t\t\t\t\t\t<p>The preset sound is in EUR and the sound is valid on February 22, 2025 at the end of a change in the preset list or at the end of the scheduled delivery. All prices include IVA. I do not include the instructions. The price of instructions depends on the instructions provided. Please note that the modification instructions must be given in advance due to changes in the cambios, minor technicalities or modifications to the item.<\/p>\t\t\t\t\t\t<\/div>\n\t\t\t\t<\/div>\n\t\t\t\t<div class=\"elementor-element elementor-element-f592402 elementor-widget elementor-widget-text-editor\" data-id=\"f592402\" data-element_type=\"widget\" data-widget_type=\"text-editor.default\">\n\t\t\t\t<div class=\"elementor-widget-container\">\n\t\t\t\t\t\t\t<p>5. PAYMENT METHODS<\/p>\t\t\t\t\t\t<\/div>\n\t\t\t\t<\/div>\n\t\t\t\t<div class=\"elementor-element elementor-element-685f0a9 elementor-widget elementor-widget-text-editor\" data-id=\"685f0a9\" data-element_type=\"widget\" data-widget_type=\"text-editor.default\">\n\t\t\t\t<div class=\"elementor-widget-container\">\n\t\t\t\t\t\t\t<p>The person who owns or owns the goods will be ordered according to the fattura proforma.<\/p>\t\t\t\t\t\t<\/div>\n\t\t\t\t<\/div>\n\t\t\t\t<div class=\"elementor-element elementor-element-1c51ca5 elementor-widget elementor-widget-text-editor\" data-id=\"1c51ca5\" data-element_type=\"widget\" data-widget_type=\"text-editor.default\">\n\t\t\t\t<div class=\"elementor-widget-container\">\n\t\t\t\t\t\t\t<p>6. CONSEGNA<\/p>\t\t\t\t\t\t<\/div>\n\t\t\t\t<\/div>\n\t\t\t\t<div class=\"elementor-element elementor-element-4d54b83 elementor-widget elementor-widget-text-editor\" data-id=\"4d54b83\" data-element_type=\"widget\" data-widget_type=\"text-editor.default\">\n\t\t\t\t<div class=\"elementor-widget-container\">\n\t\t\t\t\t\t\t<p>All the usual effects are the first time you have 12 days of service and you will be able to do the job one after the other or, in other cases, you will be informed via e-mail or telephonically.<\/p><p><strong>Swiss<\/strong><\/p><p>Fino a 200 \u20ac \u20ac 12.20, other \u20ac 200 for FREE purchase.<\/p><p><strong>Outside the EU<\/strong><\/p><p>The delivery service is second to the list by DHL in force, so the purchaser is sent by mail to the goods received.<\/p>\t\t\t\t\t\t<\/div>\n\t\t\t\t<\/div>\n\t\t\t\t<div class=\"elementor-element elementor-element-e87bee7 elementor-widget elementor-widget-text-editor\" data-id=\"e87bee7\" data-element_type=\"widget\" data-widget_type=\"text-editor.default\">\n\t\t\t\t<div class=\"elementor-widget-container\">\n\t\t\t\t\t\t\t<p>7. CLAIMS AND RESI<\/p>\t\t\t\t\t\t<\/div>\n\t\t\t\t<\/div>\n\t\t\t\t<div class=\"elementor-element elementor-element-d7ff6c9 elementor-widget elementor-widget-text-editor\" data-id=\"d7ff6c9\" data-element_type=\"widget\" data-widget_type=\"text-editor.default\">\n\t\t\t\t<div class=\"elementor-widget-container\">\n\t\t\t\t\t\t\t<p>If you direct a claim to be made in accordance with the provisions of the leg under the consumer authority, this will determine the procedure for making a claim for your product or service.<\/p><p>Report and describe possible requests via e-mail: info@firedestroyer.ch.<\/p>\t\t\t\t\t\t<\/div>\n\t\t\t\t<\/div>\n\t\t\t\t<div class=\"elementor-element elementor-element-8124699 elementor-widget elementor-widget-text-editor\" data-id=\"8124699\" data-element_type=\"widget\" data-widget_type=\"text-editor.default\">\n\t\t\t\t<div class=\"elementor-widget-container\">\n\t\t\t\t\t\t\t<p>8. RECESSO DALL&#039;ORDINE<\/p>\t\t\t\t\t\t<\/div>\n\t\t\t\t<\/div>\n\t\t\t\t<div class=\"elementor-element elementor-element-3d05a8e elementor-widget elementor-widget-text-editor\" data-id=\"3d05a8e\" data-element_type=\"widget\" data-widget_type=\"text-editor.default\">\n\t\t\t\t<div class=\"elementor-widget-container\">\n\t\t\t\t\t\t\t<p>You can enter 14 days of the calendar in your order to provide some motivation. If you have received the goods, you must communicate by writing the contract entered into 14 years of your receipt. The goods must be fully restored, in their original packaging only if they appear, and the goods are not used in any quantity INVARIATE (apparatus, istruzioni, partial associate, package, etc.), but the goods are not sold, dismantled, persa or the goods are not sold in full. senza colpa dell&#039;acquirente. You need to have a fat copy. The company URO\u0160 FLEISINGER returns the prezzo of the acquisition entered into and not other than 30 years of the data of the current communication of the receipt of the contract. It costs the consumer in case of recess of the contract and the cost of return of the goods, the cost of the package and the note of the purchaser&#039;s part, not the cost of the banking transaction results in the rim of the purchase price. The purchaser loses the possibility of retrieving the order due to a discrepancy in the item being unable to return the item or being unable to return the item to its original condition.<\/p>\t\t\t\t\t\t<\/div>\n\t\t\t\t<\/div>\n\t\t\t\t<div class=\"elementor-element elementor-element-63bdfbc elementor-widget elementor-widget-text-editor\" data-id=\"63bdfbc\" data-element_type=\"widget\" data-widget_type=\"text-editor.default\">\n\t\t\t\t<div class=\"elementor-widget-container\">\n\t\t\t\t\t\t\t<p><strong>NON SI ACCETTANO PACCHI:<\/strong><\/p><p>If you do not return the package, send a written communication following the contract to info@firedestroyer.ch, please contact us for the delivery and return of the package.<\/p>\t\t\t\t\t\t<\/div>\n\t\t\t\t<\/div>\n\t\t\t\t<div class=\"elementor-element elementor-element-3a6d9eb elementor-widget elementor-widget-text-editor\" data-id=\"3a6d9eb\" data-element_type=\"widget\" data-widget_type=\"text-editor.default\">\n\t\t\t\t<div class=\"elementor-widget-container\">\n\t\t\t\t\t\t\t<p>9. DATA PROTECTION<\/p>\t\t\t\t\t\t<\/div>\n\t\t\t\t<\/div>\n\t\t\t\t<div class=\"elementor-element elementor-element-85645ba elementor-widget elementor-widget-text-editor\" data-id=\"85645ba\" data-element_type=\"widget\" data-widget_type=\"text-editor.default\">\n\t\t\t\t<div class=\"elementor-widget-container\">\n\t\t\t\t\t\t\t<p>The company PARAMETRIK does so impegna has protected all of its personal data. This will be used exclusively for the invitation to informational material, offered, provided and other necessary communications. Do not transmit in this case and you do not transmit it later.<\/p>\t\t\t\t\t\t<\/div>\n\t\t\t\t<\/div>\n\t\t\t\t<div class=\"elementor-element elementor-element-1331450 elementor-widget elementor-widget-text-editor\" data-id=\"1331450\" data-element_type=\"widget\" data-widget_type=\"text-editor.default\">\n\t\t\t\t<div class=\"elementor-widget-container\">\n\t\t\t\t\t\t\t<p>10. WARRANTY CONDITIONS<\/p>\t\t\t\t\t\t<\/div>\n\t\t\t\t<\/div>\n\t\t\t\t<div class=\"elementor-element elementor-element-0863d8b elementor-widget elementor-widget-text-editor\" data-id=\"0863d8b\" data-element_type=\"widget\" data-widget_type=\"text-editor.default\">\n\t\t\t\t<div class=\"elementor-widget-container\">\n\t\t\t\t\t\t\t<p>The warranty schedule applies to the product acquired on the basis of the alleged fat and the data of the sale and the data reported on the fat. The warranty is rich with fat or copy and warranty certificate. In the case of this product with a warranty period, this is the opposite. The warranty does not apply if it intervenes if it results in the use of the consumer&#039;s part!<\/p><p>The warranty comes by pressing the automatic assistance center indicated on the warranty schedule. Any difference is due to a difference in material or assembly where there are \u201cdifferent materials\u201d which must be verified during the warranty period and will be repaired free of charge.<\/p><p>If you wish to request further information on authorized and guaranteed services, please contact info@firedestroyer.it.<\/p>\t\t\t\t\t\t<\/div>\n\t\t\t\t<\/div>\n\t\t\t\t<div class=\"elementor-element elementor-element-7f3304f elementor-widget elementor-widget-text-editor\" data-id=\"7f3304f\" data-element_type=\"widget\" data-widget_type=\"text-editor.default\">\n\t\t\t\t<div class=\"elementor-widget-container\">\n\t\t\t\t\t\t\t<p>11. ALTRI TERMINI<\/p>\t\t\t\t\t\t<\/div>\n\t\t\t\t<\/div>\n\t\t\t\t<div class=\"elementor-element elementor-element-b58a3a2 elementor-widget elementor-widget-text-editor\" data-id=\"b58a3a2\" data-element_type=\"widget\" data-widget_type=\"text-editor.default\">\n\t\t\t\t<div class=\"elementor-widget-container\">\n\t\t\t\t\t\t\t<p>In the event of payment, the payment will be made if you are interested in your money and if you are interested in your money and if you add your money or risk. Otherwise, the device must be adjusted accordingly. All the controversy will be risolte forewarned according to the party. If an agreement is not resolved, the controversy will be resolved by a competent court.<\/p>\t\t\t\t\t\t<\/div>\n\t\t\t\t<\/div>\n\t\t\t\t\t<\/div>\n\t\t<\/div>\n\t\t\t\t\t\t\t<\/div>\n\t\t<\/section>\n\t\t\t\t\t\t\t<\/div>","protected":false},"excerpt":{"rendered":"<p>1. CONDIZIONI GENERALI L&rsquo;ordine \u00e8 vincolante per URO\u0160 FLEISINGER e il cliente. 2. ORDINAZIONE Gli ordini sono accettati presso URO\u0160 FLEISINGER per posta ed e-mail: office@firedestroyer.ch. Il modulo d&rsquo;ordine scritto per le aziende deve contenere: ragione sociale, indirizzo esatto di consegna, persona di riferimento, codice fiscale, codice fiscale, numero di telefono. L&rsquo;ordine di acquisto ha lo status di un contratto per l&rsquo;acquirente e il venditore. 3. CONFERMA DELL&rsquo;ORDINE L&rsquo;ordine sar\u00e0 conservato in formato cartaceo ed elettronico presso la sede di URO\u0160 FLEISINGER 4. PREZZI I prezzi sono in EUR e sono validi dal 22 febbraio 2025 fino a modifica del\u2026<\/p>","protected":false},"author":1,"featured_media":0,"parent":0,"menu_order":0,"comment_status":"closed","ping_status":"closed","template":"elementor_header_footer","meta":{"_seopress_robots_primary_cat":"","footnotes":""},"class_list":["post-8553","page","type-page","status-publish","hentry"],"blocksy_meta":"","_links":{"self":[{"href":"https:\/\/www.firedestroyer.fr\/en\/wp-json\/wp\/v2\/pages\/8553","targetHints":{"allow":["GET"]}}],"collection":[{"href":"https:\/\/www.firedestroyer.fr\/en\/wp-json\/wp\/v2\/pages"}],"about":[{"href":"https:\/\/www.firedestroyer.fr\/en\/wp-json\/wp\/v2\/types\/page"}],"author":[{"embeddable":true,"href":"https:\/\/www.firedestroyer.fr\/en\/wp-json\/wp\/v2\/users\/1"}],"replies":[{"embeddable":true,"href":"https:\/\/www.firedestroyer.fr\/en\/wp-json\/wp\/v2\/comments?post=8553"}],"version-history":[{"count":0,"href":"https:\/\/www.firedestroyer.fr\/en\/wp-json\/wp\/v2\/pages\/8553\/revisions"}],"wp:attachment":[{"href":"https:\/\/www.firedestroyer.fr\/en\/wp-json\/wp\/v2\/media?parent=8553"}],"curies":[{"name":"wp","href":"https:\/\/api.w.org\/{rel}","templated":true}]}}