{"id":8384,"date":"2023-07-27T08:09:49","date_gmt":"2023-07-27T08:09:49","guid":{"rendered":"https:\/\/www.fire-destroyer.com\/o-podjetju-copy\/"},"modified":"2025-02-28T13:54:21","modified_gmt":"2025-02-28T13:54:21","slug":"politica-sulla-riservatezza","status":"publish","type":"page","link":"https:\/\/www.firedestroyer.fr\/it\/politica-sulla-riservatezza-2\/","title":{"rendered":"POLITICA SULLA RISERVATEZZA"},"content":{"rendered":"<div data-elementor-type=\"wp-page\" data-elementor-id=\"8384\" class=\"elementor elementor-8384\">\n\t\t\t\t\t\t\t\t\t<section class=\"elementor-section elementor-top-section elementor-element elementor-element-e80c85c ct-section-stretched elementor-section-height-min-height elementor-section-items-top elementor-section-boxed elementor-section-height-default\" data-id=\"e80c85c\" data-element_type=\"section\" data-settings=\"{&quot;jet_parallax_layout_list&quot;:[]}\">\n\t\t\t\t\t\t<div class=\"elementor-container elementor-column-gap-no\">\n\t\t\t\t\t<div class=\"elementor-column elementor-col-100 elementor-top-column elementor-element elementor-element-b68df7d\" data-id=\"b68df7d\" data-element_type=\"column\">\n\t\t\t<div class=\"elementor-widget-wrap elementor-element-populated\">\n\t\t\t\t\t\t\t\t<div class=\"elementor-element elementor-element-ac714ba elementor-widget elementor-widget-heading\" data-id=\"ac714ba\" data-element_type=\"widget\" data-settings=\"{&quot;_animation&quot;:&quot;none&quot;}\" data-widget_type=\"heading.default\">\n\t\t\t\t<div class=\"elementor-widget-container\">\n\t\t\t<h2 class=\"elementor-heading-title elementor-size-default\">POLITICA SULLA RISERVATEZZA<\/h2>\t\t<\/div>\n\t\t\t\t<\/div>\n\t\t\t\t<div class=\"elementor-element elementor-element-b05a3b5 elementor-widget-divider--view-line elementor-widget elementor-widget-divider\" data-id=\"b05a3b5\" data-element_type=\"widget\" data-widget_type=\"divider.default\">\n\t\t\t\t<div class=\"elementor-widget-container\">\n\t\t\t\t\t<div class=\"elementor-divider\">\n\t\t\t<span class=\"elementor-divider-separator\">\n\t\t\t\t\t\t<\/span>\n\t\t<\/div>\n\t\t\t\t<\/div>\n\t\t\t\t<\/div>\n\t\t\t\t<div class=\"elementor-element elementor-element-a233518 elementor-widget elementor-widget-heading\" data-id=\"a233518\" data-element_type=\"widget\" data-widget_type=\"heading.default\">\n\t\t\t\t<div class=\"elementor-widget-container\">\n\t\t\t<h2 class=\"elementor-heading-title elementor-size-default\">IZJAVA O SKLADNOSTI UPRAVLJANJA Z OSEBNIMI PODATKI<\/h2>\t\t<\/div>\n\t\t\t\t<\/div>\n\t\t\t\t<div class=\"elementor-element elementor-element-ed69a7e elementor-widget elementor-widget-text-editor\" data-id=\"ed69a7e\" data-element_type=\"widget\" data-widget_type=\"text-editor.default\">\n\t\t\t\t<div class=\"elementor-widget-container\">\n\t\t\t\t\t\t\t<p>Podjetje GERMA TRADE doo, Spodnja Hajdina 21, 2288 Hajdina (v nadaljevanju: GERMA TRADE) podaja svojim strankam naslednjo izjavo:<\/p>\t\t\t\t\t\t<\/div>\n\t\t\t\t<\/div>\n\t\t\t\t<div class=\"elementor-element elementor-element-f0e2b70 elementor-widget elementor-widget-text-editor\" data-id=\"f0e2b70\" data-element_type=\"widget\" data-widget_type=\"text-editor.default\">\n\t\t\t\t<div class=\"elementor-widget-container\">\n\t\t\t\t\t\t\t<ol><li>Ci\u00f2 include informazioni provenienti da URO\u0160 FLEISINGER, nella qualit\u00e0 dei suoi dati personali, e dai suoi clienti di trading online FIRE DESTROYER. Se, in base a una specifica informativa sulla gestione dei miei dati personali, un&#039;altra entit\u00e0 diversa dalla societ\u00e0 URO\u0160 FLEISINGER \u00e8 definita responsabile dei miei dati personali, l&#039;identit\u00e0 di tale entit\u00e0 sar\u00e0 divulgata in relazione allo specifico ambito di gestione dei miei dati personali.<\/li><li>Il presente documento contiene la gestione dei dati personali e la conformit\u00e0 con la norma pertinente in materia di gestione dei dati personali ed \u00e8 soggetto alle disposizioni del Regolamento (UE) 2016\/679 del Parlamento europeo e del Consiglio per la protezione della persona interessata durante il trattamento dei dati personali e il rilascio della circolazione dei dati e l&#039;abrogazione della direttiva 95\/46\/CE (regolamento generale sulla protezione dei dati, GDPR) e della legislazione nazionale in materia di protezione dei dati personali e della legislazione regionale relativa alle attivit\u00e0 di URO\u0160 FLEISINGER<\/li><li>Devo rispettare le disposizioni della normativa menzionata al punto 2 dell&#039;informativa presentata nella gestione dei miei dati personali o nella mia attivit\u00e0 personale e intendo mantenere il mio attuale partner - contratto - e futuro - potenziale.<\/li><li>Dichiariamo che URO\u0160 FLEISINGER \u2013 in primo luogo per avviare la gestione dei miei dati personali \u2013 far\u00e0 tutto il possibile per garantire che la sua persona abbia un fatto se conosce i suoi dati personali e le fornir\u00e0 le informazioni, e quindi sar\u00e0 in grado di garantire che le informazioni in suo possesso sono precise e precise sulla gestione dei suoi dati personali e tutte le mie istruzioni sono in relazione alla gestione dei suoi dati relativi a questo e alle sue possibilit\u00e0 legali a sua disposizione.<\/li><li>Per la societ\u00e0 URO\u0160 FLEISINGER, la protezione dei dati personali \u00e8 una priorit\u00e0 fondamentale nella gestione dei dati personali, garantendo che l&#039;interessato sia responsabile della protezione dei dati personali mediante autodeterminazione al momento del loro utilizzo. Per adempiere a tale obbligo, si garantisce la conformit\u00e0 alle norme stabilite al punto 2 della presente informativa, che proteggono i vostri dati personali di conseguenza. Il trading online su fire-destroyer.com utilizza la tecnologia SSL per la trasmissione di tutti i dati personali dell&#039;utente, garantendo che tutte le informazioni siano trasferite tramite computer. Le informazioni fornite dall&#039;utente costituiscono la titolarit\u00e0 del trattamento di cui \u00e8 responsabile. La societ\u00e0 URO\u0160 FLEISINGER non collabora con terze parti non autorizzate. Tuttavia, i miei dati personali non possono essere collegati a un partner di fiducia n\u00e9 si basano su un obbligo legale, in conformit\u00e0 con la legge sulla protezione dei dati personali applicabile.<\/li><li>Acquisti nel negozio online e informazioni sulla destinazione della spedizione<br \/>Non \u00e8 responsabile dell&#039;accuratezza dei dati inseriti dall&#039;utente. L&#039;azienda URO\u0160 FLEISINGER utilizzer\u00e0 i dati inseriti per annullare l&#039;ordine, preparare l&#039;ordine, preparare un&#039;offerta ancora pi\u00f9 pertinente e analizzare il marketing che contribuir\u00e0 a migliorare il processo di vendita. Possono anche essere utilizzati per il remarketing. URO\u0160 FLEISINGER vi ha informato della fine della cancellazione o dell&#039;annullamento in conformit\u00e0 con la legislazione slovena. La richiesta pu\u00f2 essere annullata in qualsiasi momento inviando un&#039;e-mail a info@firedestroyer.it. L&#039;e-mail deve contenere le seguenti informazioni: l&#039;oggetto del messaggio deve essere &quot;Cancellazione dati personali&quot;; il contenuto dell&#039;ordine deve includere il nome e i dati dell&#039;utente, l&#039;indicazione e l&#039;indirizzo e-mail dell&#039;utente se registrato; il messaggio deve essere inviato all&#039;indirizzo e-mail indicato al momento dell&#039;invio dell&#039;ordine della merce.<\/li><li>Consenso<br \/>Utilizzando il sito firedestroyer.it, accetti le condizioni generali di utilizzo pubblico di questo sito. Qui potrai monitorare periodicamente eventuali modifiche alle condizioni generali, alle condizioni, alle modalit\u00e0 e alle finalit\u00e0 del trattamento dei dati personali comunicati.<br \/>Utilizzando il nostro sito web, l&#039;utente conferma la propria licenza d&#039;uso, comprende e accetta tutti i termini e le condizioni d&#039;uso di fire-destroyer.com.<\/li><\/ol>\t\t\t\t\t\t<\/div>\n\t\t\t\t<\/div>\n\t\t\t\t<div class=\"elementor-element elementor-element-96841b8 elementor-widget elementor-widget-text-editor\" data-id=\"96841b8\" data-element_type=\"widget\" data-widget_type=\"text-editor.default\">\n\t\t\t\t<div class=\"elementor-widget-container\">\n\t\t\t\t\t\t\t<p>Il titolare del contratto sui dati personali \u00e8: URO\u0160 FLEISINGER, Zurigo, Svizzera.<\/p><p>Se desideri richiedere informazioni sulla tua privacy e sul trattamento dei dati personali, puoi contattare info@firedestroyer.ch<\/p>\t\t\t\t\t\t<\/div>\n\t\t\t\t<\/div>\n\t\t\t\t\t<\/div>\n\t\t<\/div>\n\t\t\t\t\t\t\t<\/div>\n\t\t<\/section>\n\t\t\t\t\t\t\t<\/div>","protected":false},"excerpt":{"rendered":"<p>IZJAVA O SKLADNOSTI UPRAVLJANJA Z OSEBNIMI PODATKI Podjetje GERMA TRADE d.o.o., Spodnja Hajdina 21, 2288 Hajdina (v nadaljevanju: GERMA TRADE) podaja svojim strankam naslednjo izjavo: Ci impegniamo e dichiariamo che URO\u0160 FLEISINGER, in qualit\u00e0 di gestore dei dati personali, gestisce i dati personali dei clienti che sono clienti del negozio online FIRE DESTROYER. Se, per uno scopo specifico della gestione dei dati personali, un&rsquo;altra entit\u00e0 diversa dalla societ\u00e0 URO\u0160 FLEISINGER viene definita come responsabile dei dati personali, l&rsquo;identit\u00e0 di questa entit\u00e0 sar\u00e0 divulgata in relazione allo scopo specifico della gestione dei dati personali. Ci impegniamo e dichiariamo inoltre che tale\u2026<\/p>","protected":false},"author":1,"featured_media":0,"parent":0,"menu_order":0,"comment_status":"closed","ping_status":"closed","template":"elementor_header_footer","meta":{"_seopress_robots_primary_cat":"","footnotes":""},"class_list":["post-8384","page","type-page","status-publish","hentry"],"blocksy_meta":"","_links":{"self":[{"href":"https:\/\/www.firedestroyer.fr\/it\/wp-json\/wp\/v2\/pages\/8384","targetHints":{"allow":["GET"]}}],"collection":[{"href":"https:\/\/www.firedestroyer.fr\/it\/wp-json\/wp\/v2\/pages"}],"about":[{"href":"https:\/\/www.firedestroyer.fr\/it\/wp-json\/wp\/v2\/types\/page"}],"author":[{"embeddable":true,"href":"https:\/\/www.firedestroyer.fr\/it\/wp-json\/wp\/v2\/users\/1"}],"replies":[{"embeddable":true,"href":"https:\/\/www.firedestroyer.fr\/it\/wp-json\/wp\/v2\/comments?post=8384"}],"version-history":[{"count":0,"href":"https:\/\/www.firedestroyer.fr\/it\/wp-json\/wp\/v2\/pages\/8384\/revisions"}],"wp:attachment":[{"href":"https:\/\/www.firedestroyer.fr\/it\/wp-json\/wp\/v2\/media?parent=8384"}],"curies":[{"name":"wp","href":"https:\/\/api.w.org\/{rel}","templated":true}]}}